{"id":3600,"date":"2025-06-12T08:46:10","date_gmt":"2025-06-12T08:46:10","guid":{"rendered":"https:\/\/javierafan.dev\/lanacional\/restaurante-nuestro-equipo"},"modified":"2026-04-30T07:48:33","modified_gmt":"2026-04-30T07:48:33","slug":"restaurante-nuestro-equipo","status":"publish","type":"page","link":"https:\/\/lanacional.org\/es\/restaurante-nuestro-equipo","title":{"rendered":"Restaurante &#8211; Nuestro Equipo"},"content":{"rendered":"\t\t<div data-elementor-type=\"wp-page\" data-elementor-id=\"3600\" class=\"elementor elementor-3600 elementor-1081\" data-elementor-post-type=\"page\">\n\t\t\t\t<div class=\"elementor-element elementor-element-d98d8c9 e-con-full e-flex e-con e-parent\" data-id=\"d98d8c9\" data-element_type=\"container\" data-e-type=\"container\" data-settings=\"{&quot;background_background&quot;:&quot;classic&quot;,&quot;ekit_has_onepagescroll_dot&quot;:&quot;yes&quot;}\">\n\t\t<div class=\"elementor-element elementor-element-d7c10d9 e-con-full e-flex e-con e-child\" data-id=\"d7c10d9\" data-element_type=\"container\" data-e-type=\"container\" data-settings=\"{&quot;ekit_has_onepagescroll_dot&quot;:&quot;yes&quot;}\">\n\t\t\t\t<div class=\"elementor-element elementor-element-4899b68 elementor-widget elementor-widget-text-editor\" data-id=\"4899b68\" data-element_type=\"widget\" data-e-type=\"widget\" data-settings=\"{&quot;ekit_we_effect_on&quot;:&quot;none&quot;}\" data-widget_type=\"text-editor.default\">\n\t\t\t\t\t\t\t\t\t<h1 style=\"font-size: 20px;\">Nuestro equipo en La Nacional<\/strong><\/h1>\t\t\t\t\t\t\t\t<\/div>\n\t\t\t\t<div class=\"elementor-element elementor-element-16e05b1 elementor-widget__width-initial elementor-widget elementor-widget-heading\" data-id=\"16e05b1\" data-element_type=\"widget\" data-e-type=\"widget\" data-settings=\"{&quot;ekit_we_effect_on&quot;:&quot;none&quot;}\" data-widget_type=\"heading.default\">\n\t\t\t\t\t<p class=\"elementor-heading-title elementor-size-default\">Nuestro Equipo<\/p>\t\t\t\t<\/div>\n\t\t\t\t<div class=\"elementor-element elementor-element-def4ff0 elementor-widget elementor-widget-spacer\" data-id=\"def4ff0\" data-element_type=\"widget\" data-e-type=\"widget\" data-settings=\"{&quot;ekit_we_effect_on&quot;:&quot;none&quot;}\" data-widget_type=\"spacer.default\">\n\t\t\t\t\t\t\t<div class=\"elementor-spacer\">\n\t\t\t<div class=\"elementor-spacer-inner\"><\/div>\n\t\t<\/div>\n\t\t\t\t\t\t<\/div>\n\t\t\t\t<div class=\"elementor-element elementor-element-d03c463 elementor-widget__width-auto elementor-align-center elementor-widget elementor-widget-elementskit-button\" data-id=\"d03c463\" data-element_type=\"widget\" data-e-type=\"widget\" data-settings=\"{&quot;ekit_we_effect_on&quot;:&quot;none&quot;}\" data-widget_type=\"elementskit-button.default\">\n\t\t\t\t\t<div class=\"ekit-wid-con\" >\t\t<div class=\"ekit-btn-wraper\">\n\t\t\t\t\t\t\t<a href=\"#our-team\" class=\"elementskit-btn  whitespace--normal\" id=\"\">\n\t\t\t\t\tCon\u00f3cenos<svg xmlns=\"http:\/\/www.w3.org\/2000\/svg\" width=\"103\" height=\"16\" viewBox=\"0 0 103 16\" fill=\"none\"><path d=\"M1.51685 7C0.964561 7 0.516846 7.44772 0.516846 8C0.516846 8.55228 0.964561 9 1.51685 9L1.51685 7ZM102.224 8.7071C102.614 8.31657 102.614 7.68341 102.224 7.29288L95.86 0.928924C95.4695 0.5384 94.8363 0.5384 94.4458 0.928924C94.0553 1.31945 94.0553 1.95261 94.4458 2.34314L100.103 7.99999L94.4458 13.6568C94.0553 14.0474 94.0553 14.6805 94.4458 15.0711C94.8363 15.4616 95.4695 15.4616 95.86 15.0711L102.224 8.7071ZM1.51685 8L1.51685 9L101.517 8.99999L101.517 7.99999L101.517 6.99999L1.51685 7L1.51685 8Z\" fill=\"#272425\"><\/path><\/svg>\t\t\t\t<\/a>\n\t\t\t\t\t<\/div>\n        <\/div>\t\t\t\t<\/div>\n\t\t\t\t<\/div>\n\t\t\t\t<\/div>\n\t\t<div class=\"elementor-element elementor-element-eb3ee60 e-con-full e-flex e-con e-parent\" data-id=\"eb3ee60\" data-element_type=\"container\" data-e-type=\"container\" data-settings=\"{&quot;background_background&quot;:&quot;classic&quot;,&quot;ekit_has_onepagescroll_dot&quot;:&quot;yes&quot;}\">\n\t\t\t\t<div class=\"elementor-element elementor-element-59a8aa0 elementor-widget elementor-widget-heading\" data-id=\"59a8aa0\" data-element_type=\"widget\" data-e-type=\"widget\" data-settings=\"{&quot;ekit_we_effect_on&quot;:&quot;none&quot;}\" data-widget_type=\"heading.default\">\n\t\t\t\t\t<h2 class=\"elementor-heading-title elementor-size-default\">El <span style=\"color: #860200\">trabajo<\/span><\/h2>\t\t\t\t<\/div>\n\t\t\t\t<div class=\"elementor-element elementor-element-34f5d90 elementor-widget elementor-widget-heading\" data-id=\"34f5d90\" data-element_type=\"widget\" data-e-type=\"widget\" data-settings=\"{&quot;ekit_we_effect_on&quot;:&quot;none&quot;}\" data-widget_type=\"heading.default\">\n\t\t\t\t\t<h2 class=\"elementor-heading-title elementor-size-default\"><em>detr\u00e1s del sabor<\/em><\/h2>\t\t\t\t<\/div>\n\t\t\t\t<div class=\"elementor-element elementor-element-934cc5f elementor-widget__width-initial elementor-widget elementor-widget-text-editor\" data-id=\"934cc5f\" data-element_type=\"widget\" data-e-type=\"widget\" data-settings=\"{&quot;ekit_we_effect_on&quot;:&quot;none&quot;}\" data-widget_type=\"text-editor.default\">\n\t\t\t\t\t\t\t\t\t<p>En La Nacional, nuestra fuerza son las personas: los que cocinan en la cocina, los que te atienden en la sala y quienes trabajan tras bambalinas, todos transmitiendo el esp\u00edritu de la cultura y la comunidad espa\u00f1ola en Nueva York.<\/p>\t\t\t\t\t\t\t\t<\/div>\n\t\t\t\t<\/div>\n\t\t<div class=\"elementor-element elementor-element-f782760 e-con-full e-flex e-con e-parent\" data-id=\"f782760\" data-element_type=\"container\" data-e-type=\"container\" id=\"our-team\" data-settings=\"{&quot;background_background&quot;:&quot;classic&quot;,&quot;ekit_has_onepagescroll_dot&quot;:&quot;yes&quot;}\">\n\t\t<div class=\"elementor-element elementor-element-9aab2f9 e-con-full e-flex e-con e-child\" data-id=\"9aab2f9\" data-element_type=\"container\" data-e-type=\"container\" data-settings=\"{&quot;ekit_has_onepagescroll_dot&quot;:&quot;yes&quot;}\">\n\t\t\t\t<div class=\"elementor-element elementor-element-6055354 elementor-widget elementor-widget-image\" data-id=\"6055354\" data-element_type=\"widget\" data-e-type=\"widget\" data-settings=\"{&quot;ekit_we_effect_on&quot;:&quot;none&quot;}\" data-widget_type=\"image.default\">\n\t\t\t\t\t\t\t\t\t\t\t\t\t\t\t<img fetchpriority=\"high\" decoding=\"async\" width=\"825\" height=\"1034\" src=\"https:\/\/lanacional.org\/wp-content\/uploads\/2025\/06\/chef-paco-la-nacional.jpg\" class=\"attachment-full size-full wp-image-3597\" alt=\"chef paco la nacional\" srcset=\"https:\/\/lanacional.org\/wp-content\/uploads\/2025\/06\/chef-paco-la-nacional.jpg 825w, https:\/\/lanacional.org\/wp-content\/uploads\/2025\/06\/chef-paco-la-nacional-239x300.jpg 239w, https:\/\/lanacional.org\/wp-content\/uploads\/2025\/06\/chef-paco-la-nacional-817x1024.jpg 817w, https:\/\/lanacional.org\/wp-content\/uploads\/2025\/06\/chef-paco-la-nacional-768x963.jpg 768w\" sizes=\"(max-width: 825px) 100vw, 825px\" \/>\t\t\t\t\t\t\t\t\t\t\t\t\t\t\t<\/div>\n\t\t\t\t<\/div>\n\t\t<div class=\"elementor-element elementor-element-bd65f0a e-con-full e-flex e-con e-child\" data-id=\"bd65f0a\" data-element_type=\"container\" data-e-type=\"container\" data-settings=\"{&quot;ekit_has_onepagescroll_dot&quot;:&quot;yes&quot;}\">\n\t\t\t\t<div class=\"elementor-element elementor-element-f01bf20 elementor-widget elementor-widget-heading\" data-id=\"f01bf20\" data-element_type=\"widget\" data-e-type=\"widget\" data-settings=\"{&quot;ekit_we_effect_on&quot;:&quot;none&quot;}\" data-widget_type=\"heading.default\">\n\t\t\t\t\t<h2 class=\"elementor-heading-title elementor-size-default\">Chef Paco<\/h2>\t\t\t\t<\/div>\n\t\t\t\t<div class=\"elementor-element elementor-element-4fdba00 elementor-widget elementor-widget-text-editor\" data-id=\"4fdba00\" data-element_type=\"widget\" data-e-type=\"widget\" data-settings=\"{&quot;ekit_we_effect_on&quot;:&quot;none&quot;}\" data-widget_type=\"text-editor.default\">\n\t\t\t\t\t\t\t\t\t<p>Francisco Javier Parre\u00f1o \u2018Paco\u2019<\/p>\t\t\t\t\t\t\t\t<\/div>\n\t\t\t\t<div class=\"elementor-element elementor-element-ddac6eb elementor-widget-divider--view-line elementor-widget elementor-widget-divider\" data-id=\"ddac6eb\" data-element_type=\"widget\" data-e-type=\"widget\" data-settings=\"{&quot;ekit_we_effect_on&quot;:&quot;none&quot;}\" data-widget_type=\"divider.default\">\n\t\t\t\t\t\t\t<div class=\"elementor-divider\">\n\t\t\t<span class=\"elementor-divider-separator\">\n\t\t\t\t\t\t<\/span>\n\t\t<\/div>\n\t\t\t\t\t\t<\/div>\n\t\t\t\t<div class=\"elementor-element elementor-element-871566a elementor-widget elementor-widget-heading\" data-id=\"871566a\" data-element_type=\"widget\" data-e-type=\"widget\" data-settings=\"{&quot;ekit_we_effect_on&quot;:&quot;none&quot;}\" data-widget_type=\"heading.default\">\n\t\t\t\t\t<h3 class=\"elementor-heading-title elementor-size-default\">Una vida dedicada al <em>arte culinario<\/em><\/h3>\t\t\t\t<\/div>\n\t\t\t\t<div class=\"elementor-element elementor-element-1a585f4 elementor-widget elementor-widget-text-editor\" data-id=\"1a585f4\" data-element_type=\"widget\" data-e-type=\"widget\" data-settings=\"{&quot;ekit_we_effect_on&quot;:&quot;none&quot;}\" data-widget_type=\"text-editor.default\">\n\t\t\t\t\t\t\t\t\t<p>Con ra\u00edces en Valencia y experiencia por toda Europa, el chef Paco aporta a La Nacional mucho m\u00e1s que t\u00e9cnica: aporta alma. Licenciado en Hosteler\u00eda y Turismo, ha cocinado en Francia, Alemania y en algunos de los hoteles 5 estrellas y restaurantes con estrella Michelin m\u00e1s reconocidos de Espa\u00f1a. <\/p>\t\t\t\t\t\t\t\t<\/div>\n\t\t\t\t<div class=\"elementor-element elementor-element-b00b00b elementor-widget elementor-widget-text-editor\" data-id=\"b00b00b\" data-element_type=\"widget\" data-e-type=\"widget\" data-settings=\"{&quot;ekit_we_effect_on&quot;:&quot;none&quot;}\" data-widget_type=\"text-editor.default\">\n\t\t\t\t\t\t\t\t\t<p>Antes de dedicarse por completo a La Nacional, Paco fue propietario y jefe de <em>Delicat<\/em>, uno de los restaurantes m\u00e1s innovadores de Valencia. Hoy, su misi\u00f3n es sencilla pero profunda: compartir los aut\u00e9nticos sabores de Espa\u00f1a con cada persona que cruza nuestra puerta roja. <\/p>\t\t\t\t\t\t\t\t<\/div>\n\t\t\t\t<\/div>\n\t\t\t\t<\/div>\n\t\t<div class=\"elementor-element elementor-element-9a6dead e-con-full e-flex e-con e-parent\" data-id=\"9a6dead\" data-element_type=\"container\" data-e-type=\"container\" data-settings=\"{&quot;background_background&quot;:&quot;classic&quot;,&quot;ekit_has_onepagescroll_dot&quot;:&quot;yes&quot;}\">\n\t\t\t\t<\/div>\n\t\t<div class=\"elementor-element elementor-element-629cd3f e-con-full e-flex e-con e-parent\" data-id=\"629cd3f\" data-element_type=\"container\" data-e-type=\"container\" data-settings=\"{&quot;background_background&quot;:&quot;classic&quot;,&quot;ekit_has_onepagescroll_dot&quot;:&quot;yes&quot;}\">\n\t\t<div class=\"elementor-element elementor-element-cd4b2f5 e-con-full e-flex e-con e-child\" data-id=\"cd4b2f5\" data-element_type=\"container\" data-e-type=\"container\" data-settings=\"{&quot;ekit_has_onepagescroll_dot&quot;:&quot;yes&quot;}\">\n\t\t\t\t<div class=\"elementor-element elementor-element-c8ad2ac elementor-widget elementor-widget-heading\" data-id=\"c8ad2ac\" data-element_type=\"widget\" data-e-type=\"widget\" data-settings=\"{&quot;ekit_we_effect_on&quot;:&quot;none&quot;}\" data-widget_type=\"heading.default\">\n\t\t\t\t\t<h2 class=\"elementor-heading-title elementor-size-default\">Nuestro equipo y <em>voluntarios<\/em><\/h2>\t\t\t\t<\/div>\n\t\t\t\t<div class=\"elementor-element elementor-element-1bf0c37 elementor-widget elementor-widget-text-editor\" data-id=\"1bf0c37\" data-element_type=\"widget\" data-e-type=\"widget\" data-settings=\"{&quot;ekit_we_effect_on&quot;:&quot;none&quot;}\" data-widget_type=\"text-editor.default\">\n\t\t\t\t\t\t\t\t\t<p>Se necesita algo m\u00e1s que un gran chef para crear una experiencia inolvidable. Detr\u00e1s de cada plato y de cada bienvenida c\u00e1lida hay un equipo de profesionales y voluntarios que dan vida a los valores sin \u00e1nimo de lucro de La Nacional. Ya sea preparando las mesas, recibiendo a los invitados o manteniendo vivas las tradiciones de la hospitalidad espa\u00f1ola, nuestro equipo comparte un mismo motor: el amor por la comunidad.  <\/p>\t\t\t\t\t\t\t\t<\/div>\n\t\t\t\t<\/div>\n\t\t<div class=\"elementor-element elementor-element-557c154 e-con-full e-flex e-con e-child\" data-id=\"557c154\" data-element_type=\"container\" data-e-type=\"container\" data-settings=\"{&quot;ekit_has_onepagescroll_dot&quot;:&quot;yes&quot;}\">\n\t\t\t\t<\/div>\n\t\t\t\t<\/div>\n\t\t<div class=\"elementor-element elementor-element-52f8ed8 e-con-full e-flex e-con e-parent\" data-id=\"52f8ed8\" data-element_type=\"container\" data-e-type=\"container\" data-settings=\"{&quot;background_background&quot;:&quot;classic&quot;,&quot;ekit_has_onepagescroll_dot&quot;:&quot;yes&quot;}\">\n\t\t\t\t<div class=\"elementor-element elementor-element-94c0e96 elementor-widget elementor-widget-image\" data-id=\"94c0e96\" data-element_type=\"widget\" data-e-type=\"widget\" data-settings=\"{&quot;ekit_we_effect_on&quot;:&quot;none&quot;}\" data-widget_type=\"image.default\">\n\t\t\t\t\t\t\t\t\t\t\t\t\t\t\t<img decoding=\"async\" width=\"800\" height=\"483\" src=\"https:\/\/lanacional.org\/wp-content\/uploads\/2025\/06\/our-team-volunteers-la-nacional_11zon-1024x618.webp\" class=\"attachment-large size-large wp-image-3599\" alt=\"Cocineros espa\u00f1oles en Nueva York\" srcset=\"https:\/\/lanacional.org\/wp-content\/uploads\/2025\/06\/our-team-volunteers-la-nacional_11zon-1024x618.webp 1024w, https:\/\/lanacional.org\/wp-content\/uploads\/2025\/06\/our-team-volunteers-la-nacional_11zon-300x181.webp 300w, https:\/\/lanacional.org\/wp-content\/uploads\/2025\/06\/our-team-volunteers-la-nacional_11zon-768x463.webp 768w, https:\/\/lanacional.org\/wp-content\/uploads\/2025\/06\/our-team-volunteers-la-nacional_11zon-1536x927.webp 1536w\" sizes=\"(max-width: 800px) 100vw, 800px\" \/>\t\t\t\t\t\t\t\t\t\t\t\t\t\t\t<\/div>\n\t\t\t\t<\/div>\n\t\t<div class=\"elementor-element elementor-element-d77bb35 e-con-full e-flex e-con e-parent\" data-id=\"d77bb35\" data-element_type=\"container\" data-e-type=\"container\" data-settings=\"{&quot;background_background&quot;:&quot;classic&quot;,&quot;ekit_has_onepagescroll_dot&quot;:&quot;yes&quot;}\">\n\t\t<div class=\"elementor-element elementor-element-480a142 e-con-full elementor-hidden-tablet elementor-hidden-mobile e-flex e-con e-child\" data-id=\"480a142\" data-element_type=\"container\" data-e-type=\"container\" data-settings=\"{&quot;background_background&quot;:&quot;classic&quot;,&quot;ekit_has_onepagescroll_dot&quot;:&quot;yes&quot;}\">\n\t\t\t\t<div class=\"elementor-element elementor-element-79cb3fc elementor-widget elementor-widget-image\" data-id=\"79cb3fc\" data-element_type=\"widget\" data-e-type=\"widget\" data-settings=\"{&quot;ekit_we_effect_on&quot;:&quot;none&quot;}\" data-widget_type=\"image.default\">\n\t\t\t\t\t\t\t\t\t\t\t\t\t\t\t<img decoding=\"async\" width=\"251\" height=\"501\" src=\"https:\/\/lanacional.org\/wp-content\/uploads\/2025\/06\/la-nacional-banner-izq_11zon.png\" class=\"attachment-large size-large wp-image-3571\" alt=\"la nacional banner\" srcset=\"https:\/\/lanacional.org\/wp-content\/uploads\/2025\/06\/la-nacional-banner-izq_11zon.png 251w, https:\/\/lanacional.org\/wp-content\/uploads\/2025\/06\/la-nacional-banner-izq_11zon-150x300.png 150w\" sizes=\"(max-width: 251px) 100vw, 251px\" \/>\t\t\t\t\t\t\t\t\t\t\t\t\t\t\t<\/div>\n\t\t\t\t<\/div>\n\t\t<div class=\"elementor-element elementor-element-cc0d11f e-con-full e-flex e-con e-child\" data-id=\"cc0d11f\" data-element_type=\"container\" data-e-type=\"container\" data-settings=\"{&quot;ekit_has_onepagescroll_dot&quot;:&quot;yes&quot;}\">\n\t\t\t\t<div class=\"elementor-element elementor-element-fb465a9 elementor-widget__width-initial elementor-widget-mobile__width-initial elementor-widget elementor-widget-heading\" data-id=\"fb465a9\" data-element_type=\"widget\" data-e-type=\"widget\" data-settings=\"{&quot;ekit_we_effect_on&quot;:&quot;none&quot;}\" data-widget_type=\"heading.default\">\n\t\t\t\t\t<h2 class=\"elementor-heading-title elementor-size-default\">S\u00e9 <em>nuestro invitado<\/em> en La Nacional<\/h2>\t\t\t\t<\/div>\n\t\t\t\t<div class=\"elementor-element elementor-element-105d684 elementor-widget elementor-widget-text-editor\" data-id=\"105d684\" data-element_type=\"widget\" data-e-type=\"widget\" data-settings=\"{&quot;ekit_we_effect_on&quot;:&quot;none&quot;}\" data-widget_type=\"text-editor.default\">\n\t\t\t\t\t\t\t\t\t<p>Nuestra gente es lo que hace \u00fanica la experiencia, y ahora te toca a ti formar parte de ella. Reserva tu mesa y disfruta de la dedicaci\u00f3n, el talento y la cultura que nuestro equipo pone en cada plato. <\/p>\t\t\t\t\t\t\t\t<\/div>\n\t\t\t\t<div class=\"elementor-element elementor-element-f5a22a3 elementor-align-left elementor-widget__width-auto elementor-widget elementor-widget-elementskit-button\" data-id=\"f5a22a3\" data-element_type=\"widget\" data-e-type=\"widget\" data-settings=\"{&quot;ekit_we_effect_on&quot;:&quot;none&quot;}\" data-widget_type=\"elementskit-button.default\">\n\t\t\t\t\t<div class=\"ekit-wid-con\" >\t\t<div class=\"ekit-btn-wraper\">\n\t\t\t\t\t\t\t<a href=\"https:\/\/www.opentable.com\/r\/la-nacional-restaurant-new-york\" target=\"_blank\" class=\"elementskit-btn  whitespace--normal\" id=\"\" rel=\"noopener\">\n\t\t\t\t\tReservar en OpenTable<svg xmlns=\"http:\/\/www.w3.org\/2000\/svg\" width=\"103\" height=\"16\" viewBox=\"0 0 103 16\" fill=\"none\"><path d=\"M1.51685 7C0.964561 7 0.516846 7.44772 0.516846 8C0.516846 8.55228 0.964561 9 1.51685 9L1.51685 7ZM102.224 8.7071C102.614 8.31657 102.614 7.68341 102.224 7.29288L95.86 0.928924C95.4695 0.5384 94.8363 0.5384 94.4458 0.928924C94.0553 1.31945 94.0553 1.95261 94.4458 2.34314L100.103 7.99999L94.4458 13.6568C94.0553 14.0474 94.0553 14.6805 94.4458 15.0711C94.8363 15.4616 95.4695 15.4616 95.86 15.0711L102.224 8.7071ZM1.51685 8L1.51685 9L101.517 8.99999L101.517 7.99999L101.517 6.99999L1.51685 7L1.51685 8Z\" fill=\"#FFFFEF\"><\/path><\/svg>\t\t\t\t<\/a>\n\t\t\t\t\t<\/div>\n        <\/div>\t\t\t\t<\/div>\n\t\t\t\t<\/div>\n\t\t<div class=\"elementor-element elementor-element-c123cc4 e-con-full elementor-hidden-tablet elementor-hidden-mobile e-flex e-con e-child\" data-id=\"c123cc4\" data-element_type=\"container\" data-e-type=\"container\" data-settings=\"{&quot;background_background&quot;:&quot;classic&quot;,&quot;ekit_has_onepagescroll_dot&quot;:&quot;yes&quot;}\">\n\t\t\t\t<div class=\"elementor-element elementor-element-b260150 elementor-widget elementor-widget-image\" data-id=\"b260150\" data-element_type=\"widget\" data-e-type=\"widget\" data-settings=\"{&quot;ekit_we_effect_on&quot;:&quot;none&quot;}\" data-widget_type=\"image.default\">\n\t\t\t\t\t\t\t\t\t\t\t\t\t\t\t<img loading=\"lazy\" decoding=\"async\" width=\"251\" height=\"501\" src=\"https:\/\/lanacional.org\/wp-content\/uploads\/2025\/06\/la-nacional-banner-dcha_11zon.png\" class=\"attachment-large size-large wp-image-3572\" alt=\"la nacional\" srcset=\"https:\/\/lanacional.org\/wp-content\/uploads\/2025\/06\/la-nacional-banner-dcha_11zon.png 251w, https:\/\/lanacional.org\/wp-content\/uploads\/2025\/06\/la-nacional-banner-dcha_11zon-150x300.png 150w\" sizes=\"(max-width: 251px) 100vw, 251px\" \/>\t\t\t\t\t\t\t\t\t\t\t\t\t\t\t<\/div>\n\t\t\t\t<\/div>\n\t\t\t\t<\/div>\n\t\t\t\t<\/div>\n\t\t","protected":false},"excerpt":{"rendered":"<p>Nuestro equipo en La Nacional Nuestro Equipo Con\u00f3cenos El trabajo detr\u00e1s del sabor En La Nacional, nuestra fuerza son las personas: los que cocinan en la cocina, los que te [&hellip;]<\/p>\n","protected":false},"author":1,"featured_media":0,"parent":0,"menu_order":2,"comment_status":"closed","ping_status":"closed","template":"","meta":{"_price":"","_stock":"","_tribe_ticket_header":"","_tribe_default_ticket_provider":"","_tribe_ticket_capacity":"0","_ticket_start_date":"","_ticket_end_date":"","_tribe_ticket_show_description":"","_tribe_ticket_show_not_going":false,"_tribe_ticket_use_global_stock":"","_tribe_ticket_global_stock_level":"","_global_stock_mode":"","_global_stock_cap":"","_tribe_rsvp_for_event":"","_tribe_ticket_going_count":"","_tribe_ticket_not_going_count":"","_tribe_tickets_list":"[]","_tribe_ticket_has_attendee_info_fields":false,"footnotes":"","_tec_slr_enabled":"","_tec_slr_layout":""},"class_list":["post-3600","page","type-page","status-publish","hentry"],"ticketed":false,"_links":{"self":[{"href":"https:\/\/lanacional.org\/es\/wp-json\/wp\/v2\/pages\/3600","targetHints":{"allow":["GET"]}}],"collection":[{"href":"https:\/\/lanacional.org\/es\/wp-json\/wp\/v2\/pages"}],"about":[{"href":"https:\/\/lanacional.org\/es\/wp-json\/wp\/v2\/types\/page"}],"author":[{"embeddable":true,"href":"https:\/\/lanacional.org\/es\/wp-json\/wp\/v2\/users\/1"}],"replies":[{"embeddable":true,"href":"https:\/\/lanacional.org\/es\/wp-json\/wp\/v2\/comments?post=3600"}],"version-history":[{"count":14,"href":"https:\/\/lanacional.org\/es\/wp-json\/wp\/v2\/pages\/3600\/revisions"}],"predecessor-version":[{"id":4718,"href":"https:\/\/lanacional.org\/es\/wp-json\/wp\/v2\/pages\/3600\/revisions\/4718"}],"wp:attachment":[{"href":"https:\/\/lanacional.org\/es\/wp-json\/wp\/v2\/media?parent=3600"}],"curies":[{"name":"wp","href":"https:\/\/api.w.org\/{rel}","templated":true}]}}